{"id":8162,"date":"2023-10-10T08:50:14","date_gmt":"2023-10-10T06:50:14","guid":{"rendered":"https:\/\/l33t.digital\/noformat\/interior\/"},"modified":"2023-10-11T11:50:24","modified_gmt":"2023-10-11T09:50:24","slug":"interior","status":"publish","type":"page","link":"https:\/\/l33t.digital\/noformat\/no\/interior\/","title":{"rendered":"Interi\u00f8r"},"content":{"rendered":"<div class=\"wpb-content-wrapper\"><p>[vc_row full_width=&#8221;stretch_row_content&#8221; uniqid=&#8221;5f54f000f62d7&#8243;][vc_column][vc_custom_heading text=&#8221;Interi\u00f8r&#8221; font_container=&#8221;tag:h1|text_align:center&#8221; use_theme_fonts=&#8221;yes&#8221; decor_line=&#8221;on&#8221;][vc_empty_space]\r\n\t\t<div class=\"portfolio-block portfolio-block-59c3651ca7662 popup-gallery\" data-popup-settings=\"{&quot;popupTitle&quot;:false,&quot;popupDesc&quot;:false}\">\r\n\t\t\t\t\t\t\t\t\t\t\t<div class=\"portfolio-items portfolio-type-masonry load-wrap portfolio_hover_type_2 row\">\r\n\t\t\t\t\t\t\t<article class=\"portfolio-item col-12 col-sm-4 col-lg-3 portfolio-masonry-item category-73 popup-item image-center\">\r\n\t\t\t<div class=\"wrap\">\r\n\t\t\t\t\t\t\t\t\t<div class=\"a-img\">\r\n            <img width=\"1920\" height=\"1080\" src=\"https:\/\/l33t.digital\/noformat\/wp-content\/uploads\/2023\/02\/Canna.jpg\" class=\"attachment-full size-full\" alt=\"\" decoding=\"async\" loading=\"lazy\" srcset=\"https:\/\/l33t.digital\/noformat\/wp-content\/uploads\/2023\/02\/Canna.jpg 1920w, https:\/\/l33t.digital\/noformat\/wp-content\/uploads\/2023\/02\/Canna-300x169.jpg 300w, https:\/\/l33t.digital\/noformat\/wp-content\/uploads\/2023\/02\/Canna-1024x576.jpg 1024w, https:\/\/l33t.digital\/noformat\/wp-content\/uploads\/2023\/02\/Canna-768x432.jpg 768w, https:\/\/l33t.digital\/noformat\/wp-content\/uploads\/2023\/02\/Canna-1536x864.jpg 1536w, https:\/\/l33t.digital\/noformat\/wp-content\/uploads\/2023\/02\/Canna-70x39.jpg 70w\" sizes=\"(max-width: 1920px) 100vw, 1920px\" \/>                      <\/div>\r\n\t\t\t\t\t\t\t\t<div class=\"content\">\r\n\t\t\t\t\t\t\t\t<h5>3D interi\u00f8rvisualisering \u2013 Canna<\/h5>\r\n\t\t\t\t\t\t\t\t\t\t\t<\/div>\r\n                  <a class=\"link\" href=\"#\" data-popup-json=\"{&quot;title&quot;:&quot;3D interi\\u00f8rvisualisering \\u2013 Canna&quot;,&quot;desc&quot;:false,&quot;image&quot;:{&quot;url&quot;:&quot;https:\\\/\\\/l33t.digital\\\/noformat\\\/wp-content\\\/uploads\\\/2023\\\/02\\\/Canna.jpg&quot;,&quot;w&quot;:1920,&quot;h&quot;:1080},&quot;post_id&quot;:8153,&quot;likes&quot;:0,&quot;projectLink&quot;:&quot;https:\\\/\\\/l33t.digital\\\/noformat\\\/no\\\/pt-portfolio\\\/3d-interiorvisualisering-canna\\\/&quot;,&quot;projectLinkTarget&quot;:&quot;_self&quot;}\" data-id=\"0\" ><\/a>        \t\t\t<\/div>\r\n\t\t<\/article>\r\n\t\t\t\t\t\t<\/div>\r\n\t\t\t\t\t\t\t\t\t<\/div>\r\n    [\/vc_column][\/vc_row]<\/p>\n<\/div>","protected":false},"excerpt":{"rendered":"<p>[vc_row full_width=&#8221;stretch_row_content&#8221; uniqid=&#8221;5f54f000f62d7&#8243;][vc_column][vc_custom_heading text=&#8221;Interi\u00f8r&#8221; font_container=&#8221;tag:h1|text_align:center&#8221; use_theme_fonts=&#8221;yes&#8221; decor_line=&#8221;on&#8221;][vc_empty_space][\/vc_column][\/vc_row]<\/p>\n","protected":false},"author":1,"featured_media":0,"parent":0,"menu_order":0,"comment_status":"closed","ping_status":"closed","template":"template-landing.php","meta":{"footnotes":""},"acf":[],"yoast_head":"<!-- This site is optimized with the Yoast SEO plugin v21.3 - https:\/\/yoast.com\/wordpress\/plugins\/seo\/ -->\n<title>Interi\u00f8r - Format3D<\/title>\n<meta name=\"description\" content=\"Sjekk ut et utvalg av arbeidet v\u00e5rt innen 3D-visualisering, planl\u00f8sninger og produktvisninger som vi er stolte av.\" \/>\n<meta name=\"robots\" content=\"index, follow, max-snippet:-1, max-image-preview:large, max-video-preview:-1\" \/>\n<link rel=\"canonical\" href=\"https:\/\/l33t.digital\/noformat\/no\/interior\/\" \/>\n<meta property=\"og:locale\" content=\"nb_NO\" \/>\n<meta property=\"og:type\" content=\"article\" \/>\n<meta property=\"og:title\" content=\"Interi\u00f8r - Format3D\" \/>\n<meta property=\"og:description\" content=\"Sjekk ut et utvalg av arbeidet v\u00e5rt innen 3D-visualisering, planl\u00f8sninger og produktvisninger som vi er stolte av.\" \/>\n<meta property=\"og:url\" content=\"https:\/\/l33t.digital\/noformat\/no\/interior\/\" \/>\n<meta property=\"og:site_name\" content=\"Format3D\" \/>\n<meta property=\"article:publisher\" content=\"https:\/\/www.facebook.com\/Format-3D-103684621480508\" \/>\n<meta property=\"article:modified_time\" content=\"2023-10-11T09:50:24+00:00\" \/>\n<meta property=\"og:image\" content=\"https:\/\/l33t.digital\/noformat\/wp-content\/uploads\/2020\/09\/format3d-light.png\" \/>\n\t<meta property=\"og:image:width\" content=\"613\" \/>\n\t<meta property=\"og:image:height\" content=\"192\" \/>\n\t<meta property=\"og:image:type\" content=\"image\/png\" \/>\n<meta name=\"twitter:card\" content=\"summary_large_image\" \/>\n<meta name=\"twitter:label1\" content=\"Ansl. lesetid\" \/>\n\t<meta name=\"twitter:data1\" content=\"1 minutt\" \/>\n<script type=\"application\/ld+json\" class=\"yoast-schema-graph\">{\"@context\":\"https:\/\/schema.org\",\"@graph\":[{\"@type\":\"WebPage\",\"@id\":\"https:\/\/l33t.digital\/noformat\/no\/interior\/\",\"url\":\"https:\/\/l33t.digital\/noformat\/no\/interior\/\",\"name\":\"Interi\u00f8r - Format3D\",\"isPartOf\":{\"@id\":\"https:\/\/l33t.digital\/noformat\/en\/#website\"},\"datePublished\":\"2023-10-10T06:50:14+00:00\",\"dateModified\":\"2023-10-11T09:50:24+00:00\",\"description\":\"Sjekk ut et utvalg av arbeidet v\u00e5rt innen 3D-visualisering, planl\u00f8sninger og produktvisninger som vi er stolte av.\",\"breadcrumb\":{\"@id\":\"https:\/\/l33t.digital\/noformat\/no\/interior\/#breadcrumb\"},\"inLanguage\":\"nb-NO\",\"potentialAction\":[{\"@type\":\"ReadAction\",\"target\":[\"https:\/\/l33t.digital\/noformat\/no\/interior\/\"]}]},{\"@type\":\"BreadcrumbList\",\"@id\":\"https:\/\/l33t.digital\/noformat\/no\/interior\/#breadcrumb\",\"itemListElement\":[{\"@type\":\"ListItem\",\"position\":1,\"name\":\"Po\u010detna stranica\",\"item\":\"https:\/\/l33t.digital\/noformat\/no\/\"},{\"@type\":\"ListItem\",\"position\":2,\"name\":\"Interi\u00f8r\"}]},{\"@type\":\"WebSite\",\"@id\":\"https:\/\/l33t.digital\/noformat\/en\/#website\",\"url\":\"https:\/\/l33t.digital\/noformat\/en\/\",\"name\":\"Format3D\",\"description\":\"3D vizualizacije i 3D modeliranje\",\"publisher\":{\"@id\":\"https:\/\/l33t.digital\/noformat\/en\/#organization\"},\"potentialAction\":[{\"@type\":\"SearchAction\",\"target\":{\"@type\":\"EntryPoint\",\"urlTemplate\":\"https:\/\/l33t.digital\/noformat\/en\/?s={search_term_string}\"},\"query-input\":\"required name=search_term_string\"}],\"inLanguage\":\"nb-NO\"},{\"@type\":\"Organization\",\"@id\":\"https:\/\/l33t.digital\/noformat\/en\/#organization\",\"name\":\"Format 3D\",\"url\":\"https:\/\/l33t.digital\/noformat\/en\/\",\"logo\":{\"@type\":\"ImageObject\",\"inLanguage\":\"nb-NO\",\"@id\":\"https:\/\/l33t.digital\/noformat\/en\/#\/schema\/logo\/image\/\",\"url\":\"https:\/\/l33t.digital\/noformat\/wp-content\/uploads\/2020\/09\/format3d-light.png\",\"contentUrl\":\"https:\/\/l33t.digital\/noformat\/wp-content\/uploads\/2020\/09\/format3d-light.png\",\"width\":613,\"height\":192,\"caption\":\"Format 3D\"},\"image\":{\"@id\":\"https:\/\/l33t.digital\/noformat\/en\/#\/schema\/logo\/image\/\"},\"sameAs\":[\"https:\/\/www.facebook.com\/Format-3D-103684621480508\",\"https:\/\/www.instagram.com\/format.3d\/\"]}]}<\/script>\n<!-- \/ Yoast SEO plugin. -->","yoast_head_json":{"title":"Interi\u00f8r - Format3D","description":"Sjekk ut et utvalg av arbeidet v\u00e5rt innen 3D-visualisering, planl\u00f8sninger og produktvisninger som vi er stolte av.","robots":{"index":"index","follow":"follow","max-snippet":"max-snippet:-1","max-image-preview":"max-image-preview:large","max-video-preview":"max-video-preview:-1"},"canonical":"https:\/\/l33t.digital\/noformat\/no\/interior\/","og_locale":"nb_NO","og_type":"article","og_title":"Interi\u00f8r - Format3D","og_description":"Sjekk ut et utvalg av arbeidet v\u00e5rt innen 3D-visualisering, planl\u00f8sninger og produktvisninger som vi er stolte av.","og_url":"https:\/\/l33t.digital\/noformat\/no\/interior\/","og_site_name":"Format3D","article_publisher":"https:\/\/www.facebook.com\/Format-3D-103684621480508","article_modified_time":"2023-10-11T09:50:24+00:00","og_image":[{"width":613,"height":192,"url":"https:\/\/l33t.digital\/noformat\/wp-content\/uploads\/2020\/09\/format3d-light.png","type":"image\/png"}],"twitter_card":"summary_large_image","twitter_misc":{"Ansl. lesetid":"1 minutt"},"schema":{"@context":"https:\/\/schema.org","@graph":[{"@type":"WebPage","@id":"https:\/\/l33t.digital\/noformat\/no\/interior\/","url":"https:\/\/l33t.digital\/noformat\/no\/interior\/","name":"Interi\u00f8r - Format3D","isPartOf":{"@id":"https:\/\/l33t.digital\/noformat\/en\/#website"},"datePublished":"2023-10-10T06:50:14+00:00","dateModified":"2023-10-11T09:50:24+00:00","description":"Sjekk ut et utvalg av arbeidet v\u00e5rt innen 3D-visualisering, planl\u00f8sninger og produktvisninger som vi er stolte av.","breadcrumb":{"@id":"https:\/\/l33t.digital\/noformat\/no\/interior\/#breadcrumb"},"inLanguage":"nb-NO","potentialAction":[{"@type":"ReadAction","target":["https:\/\/l33t.digital\/noformat\/no\/interior\/"]}]},{"@type":"BreadcrumbList","@id":"https:\/\/l33t.digital\/noformat\/no\/interior\/#breadcrumb","itemListElement":[{"@type":"ListItem","position":1,"name":"Po\u010detna stranica","item":"https:\/\/l33t.digital\/noformat\/no\/"},{"@type":"ListItem","position":2,"name":"Interi\u00f8r"}]},{"@type":"WebSite","@id":"https:\/\/l33t.digital\/noformat\/en\/#website","url":"https:\/\/l33t.digital\/noformat\/en\/","name":"Format3D","description":"3D vizualizacije i 3D modeliranje","publisher":{"@id":"https:\/\/l33t.digital\/noformat\/en\/#organization"},"potentialAction":[{"@type":"SearchAction","target":{"@type":"EntryPoint","urlTemplate":"https:\/\/l33t.digital\/noformat\/en\/?s={search_term_string}"},"query-input":"required name=search_term_string"}],"inLanguage":"nb-NO"},{"@type":"Organization","@id":"https:\/\/l33t.digital\/noformat\/en\/#organization","name":"Format 3D","url":"https:\/\/l33t.digital\/noformat\/en\/","logo":{"@type":"ImageObject","inLanguage":"nb-NO","@id":"https:\/\/l33t.digital\/noformat\/en\/#\/schema\/logo\/image\/","url":"https:\/\/l33t.digital\/noformat\/wp-content\/uploads\/2020\/09\/format3d-light.png","contentUrl":"https:\/\/l33t.digital\/noformat\/wp-content\/uploads\/2020\/09\/format3d-light.png","width":613,"height":192,"caption":"Format 3D"},"image":{"@id":"https:\/\/l33t.digital\/noformat\/en\/#\/schema\/logo\/image\/"},"sameAs":["https:\/\/www.facebook.com\/Format-3D-103684621480508","https:\/\/www.instagram.com\/format.3d\/"]}]}},"_links":{"self":[{"href":"https:\/\/l33t.digital\/noformat\/no\/wp-json\/wp\/v2\/pages\/8162"}],"collection":[{"href":"https:\/\/l33t.digital\/noformat\/no\/wp-json\/wp\/v2\/pages"}],"about":[{"href":"https:\/\/l33t.digital\/noformat\/no\/wp-json\/wp\/v2\/types\/page"}],"author":[{"embeddable":true,"href":"https:\/\/l33t.digital\/noformat\/no\/wp-json\/wp\/v2\/users\/1"}],"replies":[{"embeddable":true,"href":"https:\/\/l33t.digital\/noformat\/no\/wp-json\/wp\/v2\/comments?post=8162"}],"version-history":[{"count":3,"href":"https:\/\/l33t.digital\/noformat\/no\/wp-json\/wp\/v2\/pages\/8162\/revisions"}],"predecessor-version":[{"id":8305,"href":"https:\/\/l33t.digital\/noformat\/no\/wp-json\/wp\/v2\/pages\/8162\/revisions\/8305"}],"wp:attachment":[{"href":"https:\/\/l33t.digital\/noformat\/no\/wp-json\/wp\/v2\/media?parent=8162"}],"curies":[{"name":"wp","href":"https:\/\/api.w.org\/{rel}","templated":true}]}}