{"id":8142,"date":"2021-10-28T11:13:12","date_gmt":"2021-10-28T09:13:12","guid":{"rendered":"https:\/\/l33t.digital\/noformat\/about-us\/"},"modified":"2023-10-11T11:48:53","modified_gmt":"2023-10-11T09:48:53","slug":"om-oss","status":"publish","type":"page","link":"https:\/\/l33t.digital\/noformat\/no\/om-oss\/","title":{"rendered":"Om oss"},"content":{"rendered":"<div class=\"wpb-content-wrapper\"><p>[vc_row full_width=&#8221;stretch_row_content_no_spaces&#8221; content_placement=&#8221;middle&#8221; uniqid=&#8221;5f54e7a2bc258&#8243;][vc_column width=&#8221;1\/2&#8243; background_parallax=&#8221;&#8221; bg_overlay=&#8221;&#8221; uniqid=&#8221;5f54e551dbfde&#8221;]<div class=\"banner-area banner-area-5f54e64eb56ce banner-color-inherit\" data-settings=\"{&quot;loop&quot;:false,&quot;speed&quot;:500,&quot;autoplay&quot;:false,&quot;arrows&quot;:false,&quot;dots&quot;:false,&quot;dots_position&quot;:&quot;left&quot;,&quot;animation&quot;:&quot;&quot;}\"><div class=\"banner banner-5f54e64eb56ce \" style=\" --transition-speed: 2500ms;\"><div class=\"swiper-container\"><div class=\"swiper-wrapper\"><div class=\"item swiper-slide banner-item-5f54e677f1809 tal black\">\n      <div class=\"bg-image\" style=\"background-image: url(https:\/\/l33t.digital\/noformat\/wp-content\/uploads\/2022\/02\/E15.jpg)\"><\/div>\n      \n      \n      <div class=\"container\">\n        <div class=\"cell top\">\n          \n          \n          \n          \n        <\/div>\n      <\/div>\n    <\/div><\/div><\/div><\/div><\/div>[\/vc_column][vc_column width=&#8221;1\/2&#8243;]      <div class=\"heading-block heading-5d665e75cdf1c tal h-h1 with-line vc_custom_1696917622623\">\n                  <div class=\"sub-h\">Format 3D<\/div>\n                  <h1 class=\"h\">V\u00e5r historie<\/h1>\n              <\/div>\n    [vc_column_text css=&#8221;.vc_custom_1696917676723{padding-right: 30px !important;padding-left: 30px !important;}&#8221;]<span style=\"font-weight: 400;\">Format 3D ble grunnlagt av en gruppe ingeni\u00f8rer og designere hvis profesjonelle arbeid innenfor feltet 3D-visualisering har vart siden 2005. V\u00e5rt team best\u00e5r av arkitekter, bygningsingeni\u00f8rer og 3D-artister som har jobbet p\u00e5 utallige prosjekter i USA, Canada, Europa, Australia og Asia. Vi samarbeider med mange verdenskjente arkitekter, byggefirmaer og investorer.<\/span><\/p>\n<p><span style=\"font-weight: 400;\">Vi er en av de sjeldne selskapene som sikrer 100% levering av prosjektet til rett tid, innenfor avtalte tidsrammer. Ellers refunderer vi pengene og leverer 3D-visualiseringen til klienten helt gratis.<\/span><\/p>\n<p><span style=\"font-weight: 400;\">Vi bruker avanserte CGI CRM-systemer som vi har omorganisert arbeidsprosessen med, og tildelt en prosjektleder til hver klient.<\/span><\/p>\n<p><span style=\"font-weight: 400;\">Format 3D har 24 3D-designere og 8 veiledere. Vi har implementert kunstig intelligens for kvalitetssikring, bygget en 3D-bibliotek for prosjekter som inneholder 5 000 CG-scener og 36 000 fotorealistiske 3D-modeller. Alt dette gj\u00f8r det mulig for oss \u00e5 oppn\u00e5 den beste kvaliteten p\u00e5 leveransene i markedet.<\/span><\/p>\n<p>Vi har kommet langt, men likevel er det bare begynnelsen. V\u00e5rt m\u00e5l er \u00e5 \u00f8ke antall ansatte hvert \u00e5r. Vi vokser og klarer \u00e5 holde samarbeidsprosessen enkel og hyggelig akkurat som om 3D-artisten din sitter ved siden av deg ved samme bord.[\/vc_column_text]    <div class=\"num-box-items num-box-5d666b8337e73 vc_custom_1599400054471 row\">\n          <div class=\" col-12 col-sm-6 col-md-4\">\n      <div class=\"num-box num-box-item-5d667106fd226\">\n        <div class=\"num\">\n          <span>350<\/span>\n                      <em>+<\/em>\n                  <\/div>\n                  <div class=\"title\">Vellykket<br \/>\nprosjekter<\/div>\n              <\/div>\n    <\/div>\n        <div class=\" col-12 col-sm-6 col-md-4\">\n      <div class=\"num-box num-box-item-5d6671187d7b8\">\n        <div class=\"num\">\n          <span>30<\/span>\n                  <\/div>\n                  <div class=\"title\">3D<br \/>\ndesignere<\/div>\n              <\/div>\n    <\/div>\n        <div class=\" col-12 col-sm-6 col-md-4\">\n      <div class=\"num-box num-box-item-5d6671229cad6\">\n        <div class=\"num\">\n          <span>100<\/span>\n                      <em>+<\/em>\n                  <\/div>\n                  <div class=\"title\">Forn\u00f8yd<br \/>\nklienter<\/div>\n              <\/div>\n    <\/div>\n        <\/div>\n    [\/vc_column][\/vc_row][vc_row][vc_column][vc_empty_space][\/vc_column][\/vc_row]<\/p>\n<\/div>","protected":false},"excerpt":{"rendered":"<p>[vc_row full_width=&#8221;stretch_row_content_no_spaces&#8221; content_placement=&#8221;middle&#8221; uniqid=&#8221;5f54e7a2bc258&#8243;][vc_column width=&#8221;1\/2&#8243; background_parallax=&#8221;&#8221; bg_overlay=&#8221;&#8221; uniqid=&#8221;5f54e551dbfde&#8221;][\/vc_column][vc_column width=&#8221;1\/2&#8243;][vc_column_text css=&#8221;.vc_custom_1696917676723{padding-right: 30px !important;padding-left: 30px !important;}&#8221;]Format 3D ble grunnlagt av en gruppe ingeni\u00f8rer og designere hvis profesjonelle arbeid innenfor feltet 3D-visualisering har vart siden 2005. V\u00e5rt team best\u00e5r av arkitekter, bygningsingeni\u00f8rer og 3D-artister som har jobbet p\u00e5 utallige prosjekter i USA, Canada, Europa, Australia og Asia. Vi [&hellip;]<\/p>\n","protected":false},"author":1,"featured_media":0,"parent":0,"menu_order":0,"comment_status":"closed","ping_status":"closed","template":"template-landing.php","meta":{"footnotes":""},"acf":[],"yoast_head":"<!-- This site is optimized with the Yoast SEO plugin v21.3 - https:\/\/yoast.com\/wordpress\/plugins\/seo\/ -->\n<title>Om oss - Format3D<\/title>\n<meta name=\"description\" content=\"Format3D was founded by a group of engineers and designers who saw the need for changes in the field of architectural design.\" \/>\n<meta name=\"robots\" content=\"index, follow, max-snippet:-1, max-image-preview:large, max-video-preview:-1\" \/>\n<link rel=\"canonical\" href=\"https:\/\/l33t.digital\/noformat\/no\/om-oss\/\" \/>\n<meta property=\"og:locale\" content=\"nb_NO\" \/>\n<meta property=\"og:type\" content=\"article\" \/>\n<meta property=\"og:title\" content=\"Om oss - Format3D\" \/>\n<meta property=\"og:description\" content=\"Format3D was founded by a group of engineers and designers who saw the need for changes in the field of architectural design.\" \/>\n<meta property=\"og:url\" content=\"https:\/\/l33t.digital\/noformat\/no\/om-oss\/\" \/>\n<meta property=\"og:site_name\" content=\"Format3D\" \/>\n<meta property=\"article:publisher\" content=\"https:\/\/www.facebook.com\/Format-3D-103684621480508\" \/>\n<meta property=\"article:modified_time\" content=\"2023-10-11T09:48:53+00:00\" \/>\n<meta property=\"og:image\" content=\"https:\/\/l33t.digital\/noformat\/wp-content\/uploads\/2020\/09\/format3d-light.png\" \/>\n\t<meta property=\"og:image:width\" content=\"613\" \/>\n\t<meta property=\"og:image:height\" content=\"192\" \/>\n\t<meta property=\"og:image:type\" content=\"image\/png\" \/>\n<meta name=\"twitter:card\" content=\"summary_large_image\" \/>\n<meta name=\"twitter:label1\" content=\"Ansl. lesetid\" \/>\n\t<meta name=\"twitter:data1\" content=\"2 minutter\" \/>\n<script type=\"application\/ld+json\" class=\"yoast-schema-graph\">{\"@context\":\"https:\/\/schema.org\",\"@graph\":[{\"@type\":\"WebPage\",\"@id\":\"https:\/\/l33t.digital\/noformat\/no\/om-oss\/\",\"url\":\"https:\/\/l33t.digital\/noformat\/no\/om-oss\/\",\"name\":\"Om oss - Format3D\",\"isPartOf\":{\"@id\":\"https:\/\/l33t.digital\/noformat\/en\/#website\"},\"datePublished\":\"2021-10-28T09:13:12+00:00\",\"dateModified\":\"2023-10-11T09:48:53+00:00\",\"description\":\"Format3D was founded by a group of engineers and designers who saw the need for changes in the field of architectural design.\",\"breadcrumb\":{\"@id\":\"https:\/\/l33t.digital\/noformat\/no\/om-oss\/#breadcrumb\"},\"inLanguage\":\"nb-NO\",\"potentialAction\":[{\"@type\":\"ReadAction\",\"target\":[\"https:\/\/l33t.digital\/noformat\/no\/om-oss\/\"]}]},{\"@type\":\"BreadcrumbList\",\"@id\":\"https:\/\/l33t.digital\/noformat\/no\/om-oss\/#breadcrumb\",\"itemListElement\":[{\"@type\":\"ListItem\",\"position\":1,\"name\":\"Po\u010detna stranica\",\"item\":\"https:\/\/l33t.digital\/noformat\/no\/\"},{\"@type\":\"ListItem\",\"position\":2,\"name\":\"Om oss\"}]},{\"@type\":\"WebSite\",\"@id\":\"https:\/\/l33t.digital\/noformat\/en\/#website\",\"url\":\"https:\/\/l33t.digital\/noformat\/en\/\",\"name\":\"Format3D\",\"description\":\"3D vizualizacije i 3D modeliranje\",\"publisher\":{\"@id\":\"https:\/\/l33t.digital\/noformat\/en\/#organization\"},\"potentialAction\":[{\"@type\":\"SearchAction\",\"target\":{\"@type\":\"EntryPoint\",\"urlTemplate\":\"https:\/\/l33t.digital\/noformat\/en\/?s={search_term_string}\"},\"query-input\":\"required name=search_term_string\"}],\"inLanguage\":\"nb-NO\"},{\"@type\":\"Organization\",\"@id\":\"https:\/\/l33t.digital\/noformat\/en\/#organization\",\"name\":\"Format 3D\",\"url\":\"https:\/\/l33t.digital\/noformat\/en\/\",\"logo\":{\"@type\":\"ImageObject\",\"inLanguage\":\"nb-NO\",\"@id\":\"https:\/\/l33t.digital\/noformat\/en\/#\/schema\/logo\/image\/\",\"url\":\"https:\/\/l33t.digital\/noformat\/wp-content\/uploads\/2020\/09\/format3d-light.png\",\"contentUrl\":\"https:\/\/l33t.digital\/noformat\/wp-content\/uploads\/2020\/09\/format3d-light.png\",\"width\":613,\"height\":192,\"caption\":\"Format 3D\"},\"image\":{\"@id\":\"https:\/\/l33t.digital\/noformat\/en\/#\/schema\/logo\/image\/\"},\"sameAs\":[\"https:\/\/www.facebook.com\/Format-3D-103684621480508\",\"https:\/\/www.instagram.com\/format.3d\/\"]}]}<\/script>\n<!-- \/ Yoast SEO plugin. -->","yoast_head_json":{"title":"Om oss - Format3D","description":"Format3D was founded by a group of engineers and designers who saw the need for changes in the field of architectural design.","robots":{"index":"index","follow":"follow","max-snippet":"max-snippet:-1","max-image-preview":"max-image-preview:large","max-video-preview":"max-video-preview:-1"},"canonical":"https:\/\/l33t.digital\/noformat\/no\/om-oss\/","og_locale":"nb_NO","og_type":"article","og_title":"Om oss - Format3D","og_description":"Format3D was founded by a group of engineers and designers who saw the need for changes in the field of architectural design.","og_url":"https:\/\/l33t.digital\/noformat\/no\/om-oss\/","og_site_name":"Format3D","article_publisher":"https:\/\/www.facebook.com\/Format-3D-103684621480508","article_modified_time":"2023-10-11T09:48:53+00:00","og_image":[{"width":613,"height":192,"url":"https:\/\/l33t.digital\/noformat\/wp-content\/uploads\/2020\/09\/format3d-light.png","type":"image\/png"}],"twitter_card":"summary_large_image","twitter_misc":{"Ansl. lesetid":"2 minutter"},"schema":{"@context":"https:\/\/schema.org","@graph":[{"@type":"WebPage","@id":"https:\/\/l33t.digital\/noformat\/no\/om-oss\/","url":"https:\/\/l33t.digital\/noformat\/no\/om-oss\/","name":"Om oss - Format3D","isPartOf":{"@id":"https:\/\/l33t.digital\/noformat\/en\/#website"},"datePublished":"2021-10-28T09:13:12+00:00","dateModified":"2023-10-11T09:48:53+00:00","description":"Format3D was founded by a group of engineers and designers who saw the need for changes in the field of architectural design.","breadcrumb":{"@id":"https:\/\/l33t.digital\/noformat\/no\/om-oss\/#breadcrumb"},"inLanguage":"nb-NO","potentialAction":[{"@type":"ReadAction","target":["https:\/\/l33t.digital\/noformat\/no\/om-oss\/"]}]},{"@type":"BreadcrumbList","@id":"https:\/\/l33t.digital\/noformat\/no\/om-oss\/#breadcrumb","itemListElement":[{"@type":"ListItem","position":1,"name":"Po\u010detna stranica","item":"https:\/\/l33t.digital\/noformat\/no\/"},{"@type":"ListItem","position":2,"name":"Om oss"}]},{"@type":"WebSite","@id":"https:\/\/l33t.digital\/noformat\/en\/#website","url":"https:\/\/l33t.digital\/noformat\/en\/","name":"Format3D","description":"3D vizualizacije i 3D modeliranje","publisher":{"@id":"https:\/\/l33t.digital\/noformat\/en\/#organization"},"potentialAction":[{"@type":"SearchAction","target":{"@type":"EntryPoint","urlTemplate":"https:\/\/l33t.digital\/noformat\/en\/?s={search_term_string}"},"query-input":"required name=search_term_string"}],"inLanguage":"nb-NO"},{"@type":"Organization","@id":"https:\/\/l33t.digital\/noformat\/en\/#organization","name":"Format 3D","url":"https:\/\/l33t.digital\/noformat\/en\/","logo":{"@type":"ImageObject","inLanguage":"nb-NO","@id":"https:\/\/l33t.digital\/noformat\/en\/#\/schema\/logo\/image\/","url":"https:\/\/l33t.digital\/noformat\/wp-content\/uploads\/2020\/09\/format3d-light.png","contentUrl":"https:\/\/l33t.digital\/noformat\/wp-content\/uploads\/2020\/09\/format3d-light.png","width":613,"height":192,"caption":"Format 3D"},"image":{"@id":"https:\/\/l33t.digital\/noformat\/en\/#\/schema\/logo\/image\/"},"sameAs":["https:\/\/www.facebook.com\/Format-3D-103684621480508","https:\/\/www.instagram.com\/format.3d\/"]}]}},"_links":{"self":[{"href":"https:\/\/l33t.digital\/noformat\/no\/wp-json\/wp\/v2\/pages\/8142"}],"collection":[{"href":"https:\/\/l33t.digital\/noformat\/no\/wp-json\/wp\/v2\/pages"}],"about":[{"href":"https:\/\/l33t.digital\/noformat\/no\/wp-json\/wp\/v2\/types\/page"}],"author":[{"embeddable":true,"href":"https:\/\/l33t.digital\/noformat\/no\/wp-json\/wp\/v2\/users\/1"}],"replies":[{"embeddable":true,"href":"https:\/\/l33t.digital\/noformat\/no\/wp-json\/wp\/v2\/comments?post=8142"}],"version-history":[{"count":5,"href":"https:\/\/l33t.digital\/noformat\/no\/wp-json\/wp\/v2\/pages\/8142\/revisions"}],"predecessor-version":[{"id":8302,"href":"https:\/\/l33t.digital\/noformat\/no\/wp-json\/wp\/v2\/pages\/8142\/revisions\/8302"}],"wp:attachment":[{"href":"https:\/\/l33t.digital\/noformat\/no\/wp-json\/wp\/v2\/media?parent=8142"}],"curies":[{"name":"wp","href":"https:\/\/api.w.org\/{rel}","templated":true}]}}