{"id":6785,"date":"2023-02-14T12:49:53","date_gmt":"2023-02-14T11:49:53","guid":{"rendered":"https:\/\/l33t.digital\/noformat\/?page_id=6785"},"modified":"2023-02-14T12:51:50","modified_gmt":"2023-02-14T11:51:50","slug":"tlocrti","status":"publish","type":"page","link":"https:\/\/l33t.digital\/noformat\/hr\/tlocrti\/","title":{"rendered":"Tlocrti"},"content":{"rendered":"<div class=\"wpb-content-wrapper\"><p>[vc_row full_width=&#8221;stretch_row_content&#8221; uniqid=&#8221;5f54f000f62d7&#8243;][vc_column][vc_custom_heading text=&#8221;3D tlocrti&#8221; font_container=&#8221;tag:h1|text_align:center&#8221; use_theme_fonts=&#8221;yes&#8221; decor_line=&#8221;on&#8221;][vc_empty_space]\r\n\t\t<div class=\"portfolio-block portfolio-block-59c3651ca7662 popup-gallery\" data-popup-settings=\"{&quot;popupTitle&quot;:false,&quot;popupDesc&quot;:false}\">\r\n\t\t\t\t\t\t\t\t\t\t\t<div class=\"portfolio-items portfolio-type-masonry load-wrap portfolio_hover_type_2 row\">\r\n\t\t\t\t\t\t\t<article class=\"portfolio-item col-12 col-sm-4 col-lg-3 portfolio-masonry-item category-19 popup-item image-center\">\r\n\t\t\t<div class=\"wrap\">\r\n\t\t\t\t\t\t\t\t\t<div class=\"a-img\">\r\n            <img width=\"1600\" height=\"889\" src=\"https:\/\/l33t.digital\/noformat\/wp-content\/uploads\/2023\/02\/First-Floor-Matic-building-rotated.jpeg\" class=\"attachment-full size-full\" alt=\"\" decoding=\"async\" loading=\"lazy\" srcset=\"https:\/\/l33t.digital\/noformat\/wp-content\/uploads\/2023\/02\/First-Floor-Matic-building-rotated.jpeg 1600w, https:\/\/l33t.digital\/noformat\/wp-content\/uploads\/2023\/02\/First-Floor-Matic-building-300x167.jpeg 300w, https:\/\/l33t.digital\/noformat\/wp-content\/uploads\/2023\/02\/First-Floor-Matic-building-1024x569.jpeg 1024w, https:\/\/l33t.digital\/noformat\/wp-content\/uploads\/2023\/02\/First-Floor-Matic-building-768x427.jpeg 768w, https:\/\/l33t.digital\/noformat\/wp-content\/uploads\/2023\/02\/First-Floor-Matic-building-1536x853.jpeg 1536w, https:\/\/l33t.digital\/noformat\/wp-content\/uploads\/2023\/02\/First-Floor-Matic-building-70x39.jpeg 70w\" sizes=\"(max-width: 1600px) 100vw, 1600px\" \/>                      <\/div>\r\n\t\t\t\t\t\t\t\t<div class=\"content\">\r\n\t\t\t\t\t\t\t\t<h5>3D tlocrt zgrade, Zagreb<\/h5>\r\n\t\t\t\t\t\t\t\t\t\t\t<\/div>\r\n                  <a class=\"link\" href=\"#\" data-popup-json=\"{&quot;title&quot;:&quot;3D tlocrt zgrade, Zagreb&quot;,&quot;desc&quot;:false,&quot;image&quot;:{&quot;url&quot;:&quot;https:\\\/\\\/l33t.digital\\\/noformat\\\/wp-content\\\/uploads\\\/2023\\\/02\\\/First-Floor-Matic-building-rotated.jpeg&quot;,&quot;w&quot;:1600,&quot;h&quot;:889},&quot;post_id&quot;:6770,&quot;likes&quot;:0,&quot;projectLink&quot;:&quot;https:\\\/\\\/l33t.digital\\\/noformat\\\/hr\\\/pt-portfolio\\\/3d-tlocrt-zgrade-zagreb\\\/&quot;,&quot;projectLinkTarget&quot;:&quot;_self&quot;}\" data-id=\"0\" ><\/a>        \t\t\t<\/div>\r\n\t\t<\/article>\r\n\t\t\t\t<article class=\"portfolio-item col-12 col-sm-4 col-lg-3 portfolio-masonry-item category-19 popup-item image-center\">\r\n\t\t\t<div class=\"wrap\">\r\n\t\t\t\t\t\t\t\t\t<div class=\"a-img\">\r\n            <img width=\"1600\" height=\"889\" src=\"https:\/\/l33t.digital\/noformat\/wp-content\/uploads\/2023\/02\/Penthouse-Matic-building.jpeg\" class=\"attachment-full size-full\" alt=\"\" decoding=\"async\" loading=\"lazy\" srcset=\"https:\/\/l33t.digital\/noformat\/wp-content\/uploads\/2023\/02\/Penthouse-Matic-building.jpeg 1600w, https:\/\/l33t.digital\/noformat\/wp-content\/uploads\/2023\/02\/Penthouse-Matic-building-300x167.jpeg 300w, https:\/\/l33t.digital\/noformat\/wp-content\/uploads\/2023\/02\/Penthouse-Matic-building-1024x569.jpeg 1024w, https:\/\/l33t.digital\/noformat\/wp-content\/uploads\/2023\/02\/Penthouse-Matic-building-768x427.jpeg 768w, https:\/\/l33t.digital\/noformat\/wp-content\/uploads\/2023\/02\/Penthouse-Matic-building-1536x853.jpeg 1536w, https:\/\/l33t.digital\/noformat\/wp-content\/uploads\/2023\/02\/Penthouse-Matic-building-70x39.jpeg 70w\" sizes=\"(max-width: 1600px) 100vw, 1600px\" \/>                      <\/div>\r\n\t\t\t\t\t\t\t\t<div class=\"content\">\r\n\t\t\t\t\t\t\t\t<h5>3D tlocrt zgrade, Zagreb<\/h5>\r\n\t\t\t\t\t\t\t\t\t\t\t<\/div>\r\n                  <a class=\"link\" href=\"#\" data-popup-json=\"{&quot;title&quot;:&quot;3D tlocrt zgrade, Zagreb&quot;,&quot;desc&quot;:false,&quot;image&quot;:{&quot;url&quot;:&quot;https:\\\/\\\/l33t.digital\\\/noformat\\\/wp-content\\\/uploads\\\/2023\\\/02\\\/Penthouse-Matic-building.jpeg&quot;,&quot;w&quot;:1600,&quot;h&quot;:889},&quot;post_id&quot;:6773,&quot;likes&quot;:0,&quot;projectLink&quot;:&quot;https:\\\/\\\/l33t.digital\\\/noformat\\\/hr\\\/pt-portfolio\\\/3d-tlocrt-zgrade-zagreb-2\\\/&quot;,&quot;projectLinkTarget&quot;:&quot;_self&quot;}\" data-id=\"1\" ><\/a>        \t\t\t<\/div>\r\n\t\t<\/article>\r\n\t\t\t\t<article class=\"portfolio-item col-12 col-sm-4 col-lg-3 portfolio-masonry-item category-19 popup-item image-center\">\r\n\t\t\t<div class=\"wrap\">\r\n\t\t\t\t\t\t\t\t\t<div class=\"a-img\">\r\n            <img width=\"1920\" height=\"1920\" src=\"https:\/\/l33t.digital\/noformat\/wp-content\/uploads\/2020\/09\/3d_tlocrt_2.jpg\" class=\"attachment-full size-full\" alt=\"3d tlocrt stambenog objekta\" decoding=\"async\" loading=\"lazy\" srcset=\"https:\/\/l33t.digital\/noformat\/wp-content\/uploads\/2020\/09\/3d_tlocrt_2.jpg 1920w, https:\/\/l33t.digital\/noformat\/wp-content\/uploads\/2020\/09\/3d_tlocrt_2-300x300.jpg 300w, https:\/\/l33t.digital\/noformat\/wp-content\/uploads\/2020\/09\/3d_tlocrt_2-1024x1024.jpg 1024w, https:\/\/l33t.digital\/noformat\/wp-content\/uploads\/2020\/09\/3d_tlocrt_2-150x150.jpg 150w, https:\/\/l33t.digital\/noformat\/wp-content\/uploads\/2020\/09\/3d_tlocrt_2-768x768.jpg 768w, https:\/\/l33t.digital\/noformat\/wp-content\/uploads\/2020\/09\/3d_tlocrt_2-1536x1536.jpg 1536w, https:\/\/l33t.digital\/noformat\/wp-content\/uploads\/2020\/09\/3d_tlocrt_2-70x70.jpg 70w\" sizes=\"(max-width: 1920px) 100vw, 1920px\" \/>                      <\/div>\r\n\t\t\t\t\t\t\t\t<div class=\"content\">\r\n\t\t\t\t\t\t\t\t<h5>3D tlocrt stana, Zagreb<\/h5>\r\n\t\t\t\t\t\t\t\t\t\t\t<\/div>\r\n                  <a class=\"link\" href=\"#\" data-popup-json=\"{&quot;title&quot;:&quot;3D tlocrt stana, Zagreb&quot;,&quot;desc&quot;:false,&quot;image&quot;:{&quot;url&quot;:&quot;https:\\\/\\\/l33t.digital\\\/noformat\\\/wp-content\\\/uploads\\\/2020\\\/09\\\/3d_tlocrt_2.jpg&quot;,&quot;w&quot;:1920,&quot;h&quot;:1920},&quot;post_id&quot;:2379,&quot;likes&quot;:0,&quot;projectLink&quot;:&quot;https:\\\/\\\/l33t.digital\\\/noformat\\\/hr\\\/pt-portfolio\\\/3d-tlocrt-stana-zagreb\\\/&quot;,&quot;projectLinkTarget&quot;:&quot;_self&quot;}\" data-id=\"2\" ><\/a>        \t\t\t<\/div>\r\n\t\t<\/article>\r\n\t\t\t\t<article class=\"portfolio-item col-12 col-sm-4 col-lg-3 portfolio-masonry-item category-19 popup-item image-center\">\r\n\t\t\t<div class=\"wrap\">\r\n\t\t\t\t\t\t\t\t\t<div class=\"a-img\">\r\n            <img width=\"1920\" height=\"1080\" src=\"https:\/\/l33t.digital\/noformat\/wp-content\/uploads\/2020\/09\/3d-tlocrt-zapresic.jpg\" class=\"attachment-full size-full\" alt=\"3d tlocrt\" decoding=\"async\" loading=\"lazy\" srcset=\"https:\/\/l33t.digital\/noformat\/wp-content\/uploads\/2020\/09\/3d-tlocrt-zapresic.jpg 1920w, https:\/\/l33t.digital\/noformat\/wp-content\/uploads\/2020\/09\/3d-tlocrt-zapresic-300x169.jpg 300w, https:\/\/l33t.digital\/noformat\/wp-content\/uploads\/2020\/09\/3d-tlocrt-zapresic-1024x576.jpg 1024w, https:\/\/l33t.digital\/noformat\/wp-content\/uploads\/2020\/09\/3d-tlocrt-zapresic-768x432.jpg 768w, https:\/\/l33t.digital\/noformat\/wp-content\/uploads\/2020\/09\/3d-tlocrt-zapresic-1536x864.jpg 1536w, https:\/\/l33t.digital\/noformat\/wp-content\/uploads\/2020\/09\/3d-tlocrt-zapresic-70x39.jpg 70w\" sizes=\"(max-width: 1920px) 100vw, 1920px\" \/>                      <\/div>\r\n\t\t\t\t\t\t\t\t<div class=\"content\">\r\n\t\t\t\t\t\t\t\t<h5>3D tlocrt ku\u0107e, Zapre\u0161i\u0107<\/h5>\r\n\t\t\t\t\t\t\t\t\t\t\t<\/div>\r\n                  <a class=\"link\" href=\"#\" data-popup-json=\"{&quot;title&quot;:&quot;3D tlocrt ku\\u0107e, Zapre\\u0161i\\u0107&quot;,&quot;desc&quot;:false,&quot;image&quot;:{&quot;url&quot;:&quot;https:\\\/\\\/l33t.digital\\\/noformat\\\/wp-content\\\/uploads\\\/2020\\\/09\\\/3d-tlocrt-zapresic.jpg&quot;,&quot;w&quot;:1920,&quot;h&quot;:1080},&quot;post_id&quot;:2380,&quot;likes&quot;:0,&quot;projectLink&quot;:&quot;https:\\\/\\\/l33t.digital\\\/noformat\\\/hr\\\/pt-portfolio\\\/3d-tlocrt-kuce-zapresic\\\/&quot;,&quot;projectLinkTarget&quot;:&quot;_self&quot;}\" data-id=\"3\" ><\/a>        \t\t\t<\/div>\r\n\t\t<\/article>\r\n\t\t\t\t<article class=\"portfolio-item col-12 col-sm-4 col-lg-3 portfolio-masonry-item category-19 popup-item image-center\">\r\n\t\t\t<div class=\"wrap\">\r\n\t\t\t\t\t\t\t\t\t<div class=\"a-img\">\r\n            <img width=\"1920\" height=\"1243\" src=\"https:\/\/l33t.digital\/noformat\/wp-content\/uploads\/2020\/09\/zagreb_3dtlocrt.jpg\" class=\"attachment-full size-full\" alt=\"3d tlocrt stana\" decoding=\"async\" loading=\"lazy\" srcset=\"https:\/\/l33t.digital\/noformat\/wp-content\/uploads\/2020\/09\/zagreb_3dtlocrt.jpg 1920w, https:\/\/l33t.digital\/noformat\/wp-content\/uploads\/2020\/09\/zagreb_3dtlocrt-300x194.jpg 300w, https:\/\/l33t.digital\/noformat\/wp-content\/uploads\/2020\/09\/zagreb_3dtlocrt-1024x663.jpg 1024w, https:\/\/l33t.digital\/noformat\/wp-content\/uploads\/2020\/09\/zagreb_3dtlocrt-768x497.jpg 768w, https:\/\/l33t.digital\/noformat\/wp-content\/uploads\/2020\/09\/zagreb_3dtlocrt-1536x994.jpg 1536w, https:\/\/l33t.digital\/noformat\/wp-content\/uploads\/2020\/09\/zagreb_3dtlocrt-70x45.jpg 70w\" sizes=\"(max-width: 1920px) 100vw, 1920px\" \/>                      <\/div>\r\n\t\t\t\t\t\t\t\t<div class=\"content\">\r\n\t\t\t\t\t\t\t\t<h5>3D tlocrt obiteljske vile, Bor\u010dec, Zagreb<\/h5>\r\n\t\t\t\t\t\t\t\t\t\t\t<\/div>\r\n                  <a class=\"link\" href=\"#\" data-popup-json=\"{&quot;title&quot;:&quot;3D tlocrt obiteljske vile, Bor\\u010dec, Zagreb&quot;,&quot;desc&quot;:false,&quot;image&quot;:{&quot;url&quot;:&quot;https:\\\/\\\/l33t.digital\\\/noformat\\\/wp-content\\\/uploads\\\/2020\\\/09\\\/zagreb_3dtlocrt.jpg&quot;,&quot;w&quot;:1920,&quot;h&quot;:1243},&quot;post_id&quot;:2382,&quot;likes&quot;:&quot;1&quot;,&quot;projectLink&quot;:&quot;https:\\\/\\\/l33t.digital\\\/noformat\\\/hr\\\/pt-portfolio\\\/3d-tlocrt-obiteljske-vile-borcec-zagreb\\\/&quot;,&quot;projectLinkTarget&quot;:&quot;_self&quot;}\" data-id=\"4\" ><\/a>        \t\t\t<\/div>\r\n\t\t<\/article>\r\n\t\t\t\t<article class=\"portfolio-item col-12 col-sm-4 col-lg-3 portfolio-masonry-item category-19 popup-item image-center\">\r\n\t\t\t<div class=\"wrap\">\r\n\t\t\t\t\t\t\t\t\t<div class=\"a-img\">\r\n            <img width=\"1868\" height=\"1868\" src=\"https:\/\/l33t.digital\/noformat\/wp-content\/uploads\/2020\/09\/3d_tlocrt_3.jpg\" class=\"attachment-full size-full\" alt=\"3d tlocrt stambenog objekta\" decoding=\"async\" loading=\"lazy\" srcset=\"https:\/\/l33t.digital\/noformat\/wp-content\/uploads\/2020\/09\/3d_tlocrt_3.jpg 1868w, https:\/\/l33t.digital\/noformat\/wp-content\/uploads\/2020\/09\/3d_tlocrt_3-300x300.jpg 300w, https:\/\/l33t.digital\/noformat\/wp-content\/uploads\/2020\/09\/3d_tlocrt_3-1024x1024.jpg 1024w, https:\/\/l33t.digital\/noformat\/wp-content\/uploads\/2020\/09\/3d_tlocrt_3-150x150.jpg 150w, https:\/\/l33t.digital\/noformat\/wp-content\/uploads\/2020\/09\/3d_tlocrt_3-768x768.jpg 768w, https:\/\/l33t.digital\/noformat\/wp-content\/uploads\/2020\/09\/3d_tlocrt_3-1536x1536.jpg 1536w, https:\/\/l33t.digital\/noformat\/wp-content\/uploads\/2020\/09\/3d_tlocrt_3-70x70.jpg 70w\" sizes=\"(max-width: 1868px) 100vw, 1868px\" \/>                      <\/div>\r\n\t\t\t\t\t\t\t\t<div class=\"content\">\r\n\t\t\t\t\t\t\t\t<h5>3D tlocrt stana, Kvatri\u0107, Zagreb<\/h5>\r\n\t\t\t\t\t\t\t\t\t\t\t<\/div>\r\n                  <a class=\"link\" href=\"#\" data-popup-json=\"{&quot;title&quot;:&quot;3D tlocrt stana, Kvatri\\u0107, Zagreb&quot;,&quot;desc&quot;:false,&quot;image&quot;:{&quot;url&quot;:&quot;https:\\\/\\\/l33t.digital\\\/noformat\\\/wp-content\\\/uploads\\\/2020\\\/09\\\/3d_tlocrt_3.jpg&quot;,&quot;w&quot;:1868,&quot;h&quot;:1868},&quot;post_id&quot;:2385,&quot;likes&quot;:0,&quot;projectLink&quot;:&quot;https:\\\/\\\/l33t.digital\\\/noformat\\\/hr\\\/pt-portfolio\\\/3d-tlocrt-stana-kvatric-zagreb\\\/&quot;,&quot;projectLinkTarget&quot;:&quot;_self&quot;}\" data-id=\"5\" ><\/a>        \t\t\t<\/div>\r\n\t\t<\/article>\r\n\t\t\t\t\t\t<\/div>\r\n\t\t\t\t\t\t\t\t\t<\/div>\r\n    [\/vc_column][\/vc_row]<\/p>\n<\/div>","protected":false},"excerpt":{"rendered":"<p>[vc_row full_width=&#8221;stretch_row_content&#8221; uniqid=&#8221;5f54f000f62d7&#8243;][vc_column][vc_custom_heading text=&#8221;3D tlocrti&#8221; font_container=&#8221;tag:h1|text_align:center&#8221; use_theme_fonts=&#8221;yes&#8221; decor_line=&#8221;on&#8221;][vc_empty_space][\/vc_column][\/vc_row]<\/p>\n","protected":false},"author":1,"featured_media":0,"parent":0,"menu_order":0,"comment_status":"closed","ping_status":"closed","template":"template-landing.php","meta":{"footnotes":""},"acf":[],"yoast_head":"<!-- This site is optimized with the Yoast SEO plugin v21.3 - https:\/\/yoast.com\/wordpress\/plugins\/seo\/ -->\n<title>Tlocrti - Format3D<\/title>\n<meta name=\"description\" content=\"Provjerite izbor na\u0161ih radova iz podru\u010dja 3D vizualizacije, tlocrta ku\u0107a i prikaza proizvoda na koje smo ponosni.\" \/>\n<meta name=\"robots\" content=\"index, follow, max-snippet:-1, max-image-preview:large, max-video-preview:-1\" \/>\n<link rel=\"canonical\" href=\"https:\/\/l33t.digital\/noformat\/tlocrti\/\" \/>\n<meta property=\"og:locale\" content=\"hr_HR\" \/>\n<meta property=\"og:type\" content=\"article\" \/>\n<meta property=\"og:title\" content=\"Tlocrti - Format3D\" \/>\n<meta property=\"og:description\" content=\"Provjerite izbor na\u0161ih radova iz podru\u010dja 3D vizualizacije, tlocrta ku\u0107a i prikaza proizvoda na koje smo ponosni.\" \/>\n<meta property=\"og:url\" content=\"https:\/\/l33t.digital\/noformat\/tlocrti\/\" \/>\n<meta property=\"og:site_name\" content=\"Format3D\" \/>\n<meta property=\"article:publisher\" content=\"https:\/\/www.facebook.com\/Format-3D-103684621480508\" \/>\n<meta property=\"article:modified_time\" content=\"2023-02-14T11:51:50+00:00\" \/>\n<meta property=\"og:image\" content=\"https:\/\/l33t.digital\/noformat\/wp-content\/uploads\/2020\/09\/format3d-light.png\" \/>\n\t<meta property=\"og:image:width\" content=\"613\" \/>\n\t<meta property=\"og:image:height\" content=\"192\" \/>\n\t<meta property=\"og:image:type\" content=\"image\/png\" \/>\n<meta name=\"twitter:card\" content=\"summary_large_image\" \/>\n<meta name=\"twitter:label1\" content=\"Procijenjeno vrijeme \u010ditanja\" \/>\n\t<meta name=\"twitter:data1\" content=\"1 minuta\" \/>\n<script type=\"application\/ld+json\" class=\"yoast-schema-graph\">{\"@context\":\"https:\/\/schema.org\",\"@graph\":[{\"@type\":\"WebPage\",\"@id\":\"https:\/\/l33t.digital\/noformat\/tlocrti\/\",\"url\":\"https:\/\/l33t.digital\/noformat\/tlocrti\/\",\"name\":\"Tlocrti - Format3D\",\"isPartOf\":{\"@id\":\"https:\/\/l33t.digital\/noformat\/en\/#website\"},\"datePublished\":\"2023-02-14T11:49:53+00:00\",\"dateModified\":\"2023-02-14T11:51:50+00:00\",\"description\":\"Provjerite izbor na\u0161ih radova iz podru\u010dja 3D vizualizacije, tlocrta ku\u0107a i prikaza proizvoda na koje smo ponosni.\",\"breadcrumb\":{\"@id\":\"https:\/\/l33t.digital\/noformat\/tlocrti\/#breadcrumb\"},\"inLanguage\":\"hr\",\"potentialAction\":[{\"@type\":\"ReadAction\",\"target\":[\"https:\/\/l33t.digital\/noformat\/tlocrti\/\"]}]},{\"@type\":\"BreadcrumbList\",\"@id\":\"https:\/\/l33t.digital\/noformat\/tlocrti\/#breadcrumb\",\"itemListElement\":[{\"@type\":\"ListItem\",\"position\":1,\"name\":\"Po\u010detna stranica\",\"item\":\"https:\/\/l33t.digital\/noformat\/\"},{\"@type\":\"ListItem\",\"position\":2,\"name\":\"Tlocrti\"}]},{\"@type\":\"WebSite\",\"@id\":\"https:\/\/l33t.digital\/noformat\/en\/#website\",\"url\":\"https:\/\/l33t.digital\/noformat\/en\/\",\"name\":\"Format3D\",\"description\":\"3D vizualizacije i 3D modeliranje\",\"publisher\":{\"@id\":\"https:\/\/l33t.digital\/noformat\/en\/#organization\"},\"potentialAction\":[{\"@type\":\"SearchAction\",\"target\":{\"@type\":\"EntryPoint\",\"urlTemplate\":\"https:\/\/l33t.digital\/noformat\/en\/?s={search_term_string}\"},\"query-input\":\"required name=search_term_string\"}],\"inLanguage\":\"hr\"},{\"@type\":\"Organization\",\"@id\":\"https:\/\/l33t.digital\/noformat\/en\/#organization\",\"name\":\"Format 3D\",\"url\":\"https:\/\/l33t.digital\/noformat\/en\/\",\"logo\":{\"@type\":\"ImageObject\",\"inLanguage\":\"hr\",\"@id\":\"https:\/\/l33t.digital\/noformat\/en\/#\/schema\/logo\/image\/\",\"url\":\"https:\/\/l33t.digital\/noformat\/wp-content\/uploads\/2020\/09\/format3d-light.png\",\"contentUrl\":\"https:\/\/l33t.digital\/noformat\/wp-content\/uploads\/2020\/09\/format3d-light.png\",\"width\":613,\"height\":192,\"caption\":\"Format 3D\"},\"image\":{\"@id\":\"https:\/\/l33t.digital\/noformat\/en\/#\/schema\/logo\/image\/\"},\"sameAs\":[\"https:\/\/www.facebook.com\/Format-3D-103684621480508\",\"https:\/\/www.instagram.com\/format.3d\/\"]}]}<\/script>\n<!-- \/ Yoast SEO plugin. -->","yoast_head_json":{"title":"Tlocrti - Format3D","description":"Provjerite izbor na\u0161ih radova iz podru\u010dja 3D vizualizacije, tlocrta ku\u0107a i prikaza proizvoda na koje smo ponosni.","robots":{"index":"index","follow":"follow","max-snippet":"max-snippet:-1","max-image-preview":"max-image-preview:large","max-video-preview":"max-video-preview:-1"},"canonical":"https:\/\/l33t.digital\/noformat\/tlocrti\/","og_locale":"hr_HR","og_type":"article","og_title":"Tlocrti - Format3D","og_description":"Provjerite izbor na\u0161ih radova iz podru\u010dja 3D vizualizacije, tlocrta ku\u0107a i prikaza proizvoda na koje smo ponosni.","og_url":"https:\/\/l33t.digital\/noformat\/tlocrti\/","og_site_name":"Format3D","article_publisher":"https:\/\/www.facebook.com\/Format-3D-103684621480508","article_modified_time":"2023-02-14T11:51:50+00:00","og_image":[{"width":613,"height":192,"url":"https:\/\/l33t.digital\/noformat\/wp-content\/uploads\/2020\/09\/format3d-light.png","type":"image\/png"}],"twitter_card":"summary_large_image","twitter_misc":{"Procijenjeno vrijeme \u010ditanja":"1 minuta"},"schema":{"@context":"https:\/\/schema.org","@graph":[{"@type":"WebPage","@id":"https:\/\/l33t.digital\/noformat\/tlocrti\/","url":"https:\/\/l33t.digital\/noformat\/tlocrti\/","name":"Tlocrti - Format3D","isPartOf":{"@id":"https:\/\/l33t.digital\/noformat\/en\/#website"},"datePublished":"2023-02-14T11:49:53+00:00","dateModified":"2023-02-14T11:51:50+00:00","description":"Provjerite izbor na\u0161ih radova iz podru\u010dja 3D vizualizacije, tlocrta ku\u0107a i prikaza proizvoda na koje smo ponosni.","breadcrumb":{"@id":"https:\/\/l33t.digital\/noformat\/tlocrti\/#breadcrumb"},"inLanguage":"hr","potentialAction":[{"@type":"ReadAction","target":["https:\/\/l33t.digital\/noformat\/tlocrti\/"]}]},{"@type":"BreadcrumbList","@id":"https:\/\/l33t.digital\/noformat\/tlocrti\/#breadcrumb","itemListElement":[{"@type":"ListItem","position":1,"name":"Po\u010detna stranica","item":"https:\/\/l33t.digital\/noformat\/"},{"@type":"ListItem","position":2,"name":"Tlocrti"}]},{"@type":"WebSite","@id":"https:\/\/l33t.digital\/noformat\/en\/#website","url":"https:\/\/l33t.digital\/noformat\/en\/","name":"Format3D","description":"3D vizualizacije i 3D modeliranje","publisher":{"@id":"https:\/\/l33t.digital\/noformat\/en\/#organization"},"potentialAction":[{"@type":"SearchAction","target":{"@type":"EntryPoint","urlTemplate":"https:\/\/l33t.digital\/noformat\/en\/?s={search_term_string}"},"query-input":"required name=search_term_string"}],"inLanguage":"hr"},{"@type":"Organization","@id":"https:\/\/l33t.digital\/noformat\/en\/#organization","name":"Format 3D","url":"https:\/\/l33t.digital\/noformat\/en\/","logo":{"@type":"ImageObject","inLanguage":"hr","@id":"https:\/\/l33t.digital\/noformat\/en\/#\/schema\/logo\/image\/","url":"https:\/\/l33t.digital\/noformat\/wp-content\/uploads\/2020\/09\/format3d-light.png","contentUrl":"https:\/\/l33t.digital\/noformat\/wp-content\/uploads\/2020\/09\/format3d-light.png","width":613,"height":192,"caption":"Format 3D"},"image":{"@id":"https:\/\/l33t.digital\/noformat\/en\/#\/schema\/logo\/image\/"},"sameAs":["https:\/\/www.facebook.com\/Format-3D-103684621480508","https:\/\/www.instagram.com\/format.3d\/"]}]}},"_links":{"self":[{"href":"https:\/\/l33t.digital\/noformat\/hr\/wp-json\/wp\/v2\/pages\/6785"}],"collection":[{"href":"https:\/\/l33t.digital\/noformat\/hr\/wp-json\/wp\/v2\/pages"}],"about":[{"href":"https:\/\/l33t.digital\/noformat\/hr\/wp-json\/wp\/v2\/types\/page"}],"author":[{"embeddable":true,"href":"https:\/\/l33t.digital\/noformat\/hr\/wp-json\/wp\/v2\/users\/1"}],"replies":[{"embeddable":true,"href":"https:\/\/l33t.digital\/noformat\/hr\/wp-json\/wp\/v2\/comments?post=6785"}],"version-history":[{"count":4,"href":"https:\/\/l33t.digital\/noformat\/hr\/wp-json\/wp\/v2\/pages\/6785\/revisions"}],"predecessor-version":[{"id":6789,"href":"https:\/\/l33t.digital\/noformat\/hr\/wp-json\/wp\/v2\/pages\/6785\/revisions\/6789"}],"wp:attachment":[{"href":"https:\/\/l33t.digital\/noformat\/hr\/wp-json\/wp\/v2\/media?parent=6785"}],"curies":[{"name":"wp","href":"https:\/\/api.w.org\/{rel}","templated":true}]}}