{"id":5137,"date":"2022-02-17T10:56:28","date_gmt":"2022-02-17T09:56:28","guid":{"rendered":"https:\/\/l33t.digital\/noformat\/?page_id=5137"},"modified":"2022-02-17T15:41:23","modified_gmt":"2022-02-17T14:41:23","slug":"3d-virtualne-setnje","status":"publish","type":"page","link":"https:\/\/l33t.digital\/noformat\/hr\/3d-virtualne-setnje\/","title":{"rendered":"3D virtualne \u0161etnje"},"content":{"rendered":"<div class=\"wpb-content-wrapper\"><p>[vc_row full_width=&#8221;stretch_row_content&#8221; uniqid=&#8221;5f54f000f62d7&#8243;][vc_column][vc_custom_heading text=&#8221;3D virtualne \u0161etnje&#8221; font_container=&#8221;tag:h1|text_align:center&#8221; use_theme_fonts=&#8221;yes&#8221; decor_line=&#8221;on&#8221;][vc_empty_space][\/vc_column][\/vc_row][vc_row full_width=&#8221;stretch_row_content&#8221; uniqid=&#8221;620e5e7857d5a&#8221;][vc_column width=&#8221;1\/3&#8243;][vc_single_image image=&#8221;5195&#8243; img_size=&#8221;1000&#215;700&#8243; add_caption=&#8221;yes&#8221; onclick=&#8221;custom_link&#8221; img_link_target=&#8221;_blank&#8221; link=&#8221;https:\/\/l33t.digital\/noformat\/dh360\/&#8221;][\/vc_column][vc_column width=&#8221;1\/3&#8243;][vc_single_image image=&#8221;5193&#8243; img_size=&#8221;1000&#215;700&#8243; onclick=&#8221;custom_link&#8221; img_link_target=&#8221;_blank&#8221; link=&#8221;https:\/\/l33t.digital\/noformat\/cityislandvr\/&#8221;][\/vc_column][vc_column width=&#8221;1\/3&#8243;][vc_single_image image=&#8221;5199&#8243; img_size=&#8221;1000&#215;700&#8243; onclick=&#8221;custom_link&#8221; img_link_target=&#8221;_blank&#8221; link=&#8221;https:\/\/l33t.digital\/noformat\/madunic\/svetifilipijakov360\/&#8221;][\/vc_column][\/vc_row][vc_row full_width=&#8221;stretch_row_content&#8221; uniqid=&#8221;620e5e8c40f6d&#8221;][vc_column width=&#8221;1\/3&#8243;][vc_single_image image=&#8221;5197&#8243; img_size=&#8221;1000&#215;700&#8243; onclick=&#8221;custom_link&#8221; img_link_target=&#8221;_blank&#8221; link=&#8221;https:\/\/l33t.hr\/penthouse\/&#8221;][\/vc_column][vc_column width=&#8221;1\/3&#8243;][vc_single_image image=&#8221;5201&#8243; img_size=&#8221;1000&#215;700&#8243; onclick=&#8221;custom_link&#8221; img_link_target=&#8221;_blank&#8221; link=&#8221;https:\/\/l33t.agency\/twodotsdigital\/&#8221;][\/vc_column][vc_column width=&#8221;1\/3&#8243;][vc_single_image image=&#8221;5203&#8243; img_size=&#8221;1000&#215;700&#8243; onclick=&#8221;custom_link&#8221; img_link_target=&#8221;_blank&#8221; link=&#8221;https:\/\/l33t.agency\/technogym3d\/&#8221;][\/vc_column][\/vc_row]<\/p>\n<\/div>","protected":false},"excerpt":{"rendered":"<p>[vc_row full_width=&#8221;stretch_row_content&#8221; uniqid=&#8221;5f54f000f62d7&#8243;][vc_column][vc_custom_heading text=&#8221;3D virtualne \u0161etnje&#8221; font_container=&#8221;tag:h1|text_align:center&#8221; use_theme_fonts=&#8221;yes&#8221; decor_line=&#8221;on&#8221;][vc_empty_space][\/vc_column][\/vc_row][vc_row full_width=&#8221;stretch_row_content&#8221; uniqid=&#8221;620e5e7857d5a&#8221;][vc_column width=&#8221;1\/3&#8243;][vc_single_image image=&#8221;5195&#8243; img_size=&#8221;1000&#215;700&#8243; add_caption=&#8221;yes&#8221; onclick=&#8221;custom_link&#8221; img_link_target=&#8221;_blank&#8221; link=&#8221;https:\/\/l33t.digital\/noformat\/dh360\/&#8221;][\/vc_column][vc_column width=&#8221;1\/3&#8243;][vc_single_image image=&#8221;5193&#8243; img_size=&#8221;1000&#215;700&#8243; onclick=&#8221;custom_link&#8221; img_link_target=&#8221;_blank&#8221; link=&#8221;https:\/\/l33t.digital\/noformat\/cityislandvr\/&#8221;][\/vc_column][vc_column width=&#8221;1\/3&#8243;][vc_single_image image=&#8221;5199&#8243; img_size=&#8221;1000&#215;700&#8243; onclick=&#8221;custom_link&#8221; img_link_target=&#8221;_blank&#8221; link=&#8221;https:\/\/l33t.digital\/noformat\/madunic\/svetifilipijakov360\/&#8221;][\/vc_column][\/vc_row][vc_row full_width=&#8221;stretch_row_content&#8221; uniqid=&#8221;620e5e8c40f6d&#8221;][vc_column width=&#8221;1\/3&#8243;][vc_single_image image=&#8221;5197&#8243; img_size=&#8221;1000&#215;700&#8243; onclick=&#8221;custom_link&#8221; img_link_target=&#8221;_blank&#8221; link=&#8221;https:\/\/l33t.hr\/penthouse\/&#8221;][\/vc_column][vc_column width=&#8221;1\/3&#8243;][vc_single_image image=&#8221;5201&#8243; img_size=&#8221;1000&#215;700&#8243; onclick=&#8221;custom_link&#8221; img_link_target=&#8221;_blank&#8221; link=&#8221;https:\/\/l33t.agency\/twodotsdigital\/&#8221;][\/vc_column][vc_column width=&#8221;1\/3&#8243;][vc_single_image image=&#8221;5203&#8243; img_size=&#8221;1000&#215;700&#8243; onclick=&#8221;custom_link&#8221; img_link_target=&#8221;_blank&#8221; link=&#8221;https:\/\/l33t.agency\/technogym3d\/&#8221;][\/vc_column][\/vc_row]<\/p>\n","protected":false},"author":1,"featured_media":0,"parent":0,"menu_order":0,"comment_status":"closed","ping_status":"closed","template":"template-landing.php","meta":{"footnotes":""},"acf":[],"yoast_head":"<!-- This site is optimized with the Yoast SEO plugin v21.3 - https:\/\/yoast.com\/wordpress\/plugins\/seo\/ -->\n<title>3D virtualne \u0161etnje - Format3D<\/title>\n<meta name=\"description\" content=\"Provjerite izbor na\u0161ih radova iz podru\u010dja 3D vizualizacije, tlocrta ku\u0107a i prikaza proizvoda na koje smo ponosni.\" \/>\n<meta name=\"robots\" content=\"index, follow, max-snippet:-1, max-image-preview:large, max-video-preview:-1\" \/>\n<link rel=\"canonical\" href=\"https:\/\/l33t.digital\/noformat\/3d-virtualne-setnje\/\" \/>\n<meta property=\"og:locale\" content=\"hr_HR\" \/>\n<meta property=\"og:type\" content=\"article\" \/>\n<meta property=\"og:title\" content=\"3D virtualne \u0161etnje - Format3D\" \/>\n<meta property=\"og:description\" content=\"Provjerite izbor na\u0161ih radova iz podru\u010dja 3D vizualizacije, tlocrta ku\u0107a i prikaza proizvoda na koje smo ponosni.\" \/>\n<meta property=\"og:url\" content=\"https:\/\/l33t.digital\/noformat\/3d-virtualne-setnje\/\" \/>\n<meta property=\"og:site_name\" content=\"Format3D\" \/>\n<meta property=\"article:publisher\" content=\"https:\/\/www.facebook.com\/Format-3D-103684621480508\" \/>\n<meta property=\"article:modified_time\" content=\"2022-02-17T14:41:23+00:00\" \/>\n<meta property=\"og:image\" content=\"https:\/\/l33t.digital\/noformat\/wp-content\/uploads\/2020\/09\/format3d-light.png\" \/>\n\t<meta property=\"og:image:width\" content=\"613\" \/>\n\t<meta property=\"og:image:height\" content=\"192\" \/>\n\t<meta property=\"og:image:type\" content=\"image\/png\" \/>\n<meta name=\"twitter:card\" content=\"summary_large_image\" \/>\n<meta name=\"twitter:label1\" content=\"Procijenjeno vrijeme \u010ditanja\" \/>\n\t<meta name=\"twitter:data1\" content=\"1 minuta\" \/>\n<script type=\"application\/ld+json\" class=\"yoast-schema-graph\">{\"@context\":\"https:\/\/schema.org\",\"@graph\":[{\"@type\":\"WebPage\",\"@id\":\"https:\/\/l33t.digital\/noformat\/3d-virtualne-setnje\/\",\"url\":\"https:\/\/l33t.digital\/noformat\/3d-virtualne-setnje\/\",\"name\":\"3D virtualne \u0161etnje - Format3D\",\"isPartOf\":{\"@id\":\"https:\/\/l33t.digital\/noformat\/en\/#website\"},\"datePublished\":\"2022-02-17T09:56:28+00:00\",\"dateModified\":\"2022-02-17T14:41:23+00:00\",\"description\":\"Provjerite izbor na\u0161ih radova iz podru\u010dja 3D vizualizacije, tlocrta ku\u0107a i prikaza proizvoda na koje smo ponosni.\",\"breadcrumb\":{\"@id\":\"https:\/\/l33t.digital\/noformat\/3d-virtualne-setnje\/#breadcrumb\"},\"inLanguage\":\"hr\",\"potentialAction\":[{\"@type\":\"ReadAction\",\"target\":[\"https:\/\/l33t.digital\/noformat\/3d-virtualne-setnje\/\"]}]},{\"@type\":\"BreadcrumbList\",\"@id\":\"https:\/\/l33t.digital\/noformat\/3d-virtualne-setnje\/#breadcrumb\",\"itemListElement\":[{\"@type\":\"ListItem\",\"position\":1,\"name\":\"Po\u010detna stranica\",\"item\":\"https:\/\/l33t.digital\/noformat\/\"},{\"@type\":\"ListItem\",\"position\":2,\"name\":\"3D virtualne \u0161etnje\"}]},{\"@type\":\"WebSite\",\"@id\":\"https:\/\/l33t.digital\/noformat\/en\/#website\",\"url\":\"https:\/\/l33t.digital\/noformat\/en\/\",\"name\":\"Format3D\",\"description\":\"3D vizualizacije i 3D modeliranje\",\"publisher\":{\"@id\":\"https:\/\/l33t.digital\/noformat\/en\/#organization\"},\"potentialAction\":[{\"@type\":\"SearchAction\",\"target\":{\"@type\":\"EntryPoint\",\"urlTemplate\":\"https:\/\/l33t.digital\/noformat\/en\/?s={search_term_string}\"},\"query-input\":\"required name=search_term_string\"}],\"inLanguage\":\"hr\"},{\"@type\":\"Organization\",\"@id\":\"https:\/\/l33t.digital\/noformat\/en\/#organization\",\"name\":\"Format 3D\",\"url\":\"https:\/\/l33t.digital\/noformat\/en\/\",\"logo\":{\"@type\":\"ImageObject\",\"inLanguage\":\"hr\",\"@id\":\"https:\/\/l33t.digital\/noformat\/en\/#\/schema\/logo\/image\/\",\"url\":\"https:\/\/l33t.digital\/noformat\/wp-content\/uploads\/2020\/09\/format3d-light.png\",\"contentUrl\":\"https:\/\/l33t.digital\/noformat\/wp-content\/uploads\/2020\/09\/format3d-light.png\",\"width\":613,\"height\":192,\"caption\":\"Format 3D\"},\"image\":{\"@id\":\"https:\/\/l33t.digital\/noformat\/en\/#\/schema\/logo\/image\/\"},\"sameAs\":[\"https:\/\/www.facebook.com\/Format-3D-103684621480508\",\"https:\/\/www.instagram.com\/format.3d\/\"]}]}<\/script>\n<!-- \/ Yoast SEO plugin. -->","yoast_head_json":{"title":"3D virtualne \u0161etnje - Format3D","description":"Provjerite izbor na\u0161ih radova iz podru\u010dja 3D vizualizacije, tlocrta ku\u0107a i prikaza proizvoda na koje smo ponosni.","robots":{"index":"index","follow":"follow","max-snippet":"max-snippet:-1","max-image-preview":"max-image-preview:large","max-video-preview":"max-video-preview:-1"},"canonical":"https:\/\/l33t.digital\/noformat\/3d-virtualne-setnje\/","og_locale":"hr_HR","og_type":"article","og_title":"3D virtualne \u0161etnje - Format3D","og_description":"Provjerite izbor na\u0161ih radova iz podru\u010dja 3D vizualizacije, tlocrta ku\u0107a i prikaza proizvoda na koje smo ponosni.","og_url":"https:\/\/l33t.digital\/noformat\/3d-virtualne-setnje\/","og_site_name":"Format3D","article_publisher":"https:\/\/www.facebook.com\/Format-3D-103684621480508","article_modified_time":"2022-02-17T14:41:23+00:00","og_image":[{"width":613,"height":192,"url":"https:\/\/l33t.digital\/noformat\/wp-content\/uploads\/2020\/09\/format3d-light.png","type":"image\/png"}],"twitter_card":"summary_large_image","twitter_misc":{"Procijenjeno vrijeme \u010ditanja":"1 minuta"},"schema":{"@context":"https:\/\/schema.org","@graph":[{"@type":"WebPage","@id":"https:\/\/l33t.digital\/noformat\/3d-virtualne-setnje\/","url":"https:\/\/l33t.digital\/noformat\/3d-virtualne-setnje\/","name":"3D virtualne \u0161etnje - Format3D","isPartOf":{"@id":"https:\/\/l33t.digital\/noformat\/en\/#website"},"datePublished":"2022-02-17T09:56:28+00:00","dateModified":"2022-02-17T14:41:23+00:00","description":"Provjerite izbor na\u0161ih radova iz podru\u010dja 3D vizualizacije, tlocrta ku\u0107a i prikaza proizvoda na koje smo ponosni.","breadcrumb":{"@id":"https:\/\/l33t.digital\/noformat\/3d-virtualne-setnje\/#breadcrumb"},"inLanguage":"hr","potentialAction":[{"@type":"ReadAction","target":["https:\/\/l33t.digital\/noformat\/3d-virtualne-setnje\/"]}]},{"@type":"BreadcrumbList","@id":"https:\/\/l33t.digital\/noformat\/3d-virtualne-setnje\/#breadcrumb","itemListElement":[{"@type":"ListItem","position":1,"name":"Po\u010detna stranica","item":"https:\/\/l33t.digital\/noformat\/"},{"@type":"ListItem","position":2,"name":"3D virtualne \u0161etnje"}]},{"@type":"WebSite","@id":"https:\/\/l33t.digital\/noformat\/en\/#website","url":"https:\/\/l33t.digital\/noformat\/en\/","name":"Format3D","description":"3D vizualizacije i 3D modeliranje","publisher":{"@id":"https:\/\/l33t.digital\/noformat\/en\/#organization"},"potentialAction":[{"@type":"SearchAction","target":{"@type":"EntryPoint","urlTemplate":"https:\/\/l33t.digital\/noformat\/en\/?s={search_term_string}"},"query-input":"required name=search_term_string"}],"inLanguage":"hr"},{"@type":"Organization","@id":"https:\/\/l33t.digital\/noformat\/en\/#organization","name":"Format 3D","url":"https:\/\/l33t.digital\/noformat\/en\/","logo":{"@type":"ImageObject","inLanguage":"hr","@id":"https:\/\/l33t.digital\/noformat\/en\/#\/schema\/logo\/image\/","url":"https:\/\/l33t.digital\/noformat\/wp-content\/uploads\/2020\/09\/format3d-light.png","contentUrl":"https:\/\/l33t.digital\/noformat\/wp-content\/uploads\/2020\/09\/format3d-light.png","width":613,"height":192,"caption":"Format 3D"},"image":{"@id":"https:\/\/l33t.digital\/noformat\/en\/#\/schema\/logo\/image\/"},"sameAs":["https:\/\/www.facebook.com\/Format-3D-103684621480508","https:\/\/www.instagram.com\/format.3d\/"]}]}},"_links":{"self":[{"href":"https:\/\/l33t.digital\/noformat\/hr\/wp-json\/wp\/v2\/pages\/5137"}],"collection":[{"href":"https:\/\/l33t.digital\/noformat\/hr\/wp-json\/wp\/v2\/pages"}],"about":[{"href":"https:\/\/l33t.digital\/noformat\/hr\/wp-json\/wp\/v2\/types\/page"}],"author":[{"embeddable":true,"href":"https:\/\/l33t.digital\/noformat\/hr\/wp-json\/wp\/v2\/users\/1"}],"replies":[{"embeddable":true,"href":"https:\/\/l33t.digital\/noformat\/hr\/wp-json\/wp\/v2\/comments?post=5137"}],"version-history":[{"count":26,"href":"https:\/\/l33t.digital\/noformat\/hr\/wp-json\/wp\/v2\/pages\/5137\/revisions"}],"predecessor-version":[{"id":5226,"href":"https:\/\/l33t.digital\/noformat\/hr\/wp-json\/wp\/v2\/pages\/5137\/revisions\/5226"}],"wp:attachment":[{"href":"https:\/\/l33t.digital\/noformat\/hr\/wp-json\/wp\/v2\/media?parent=5137"}],"curies":[{"name":"wp","href":"https:\/\/api.w.org\/{rel}","templated":true}]}}