{"id":3,"date":"2020-09-05T06:58:53","date_gmt":"2020-09-05T04:58:53","guid":{"rendered":"https:\/\/l33t.digital\/noformat\/?page_id=3"},"modified":"2023-07-03T14:57:40","modified_gmt":"2023-07-03T12:57:40","slug":"pravila-privatnosti","status":"publish","type":"page","link":"https:\/\/l33t.digital\/noformat\/hr\/pravila-privatnosti\/","title":{"rendered":"Pravila privatnosti"},"content":{"rendered":"<div class=\"wpb-content-wrapper\"><p>[vc_row css=&#8221;.vc_custom_1688389054482{padding-top: 50px !important;padding-bottom: 50px !important;}&#8221; uniqid=&#8221;64a2c5b7921aa&#8221;][vc_column][vc_column_text]<\/p>\n<h4>Politika privatnosti za Format3D<\/h4>\n<p>U Format3D posve\u0107eni smo za\u0161titi va\u0161e privatnosti i postupanju s va\u0161im osobnim podacima na transparentan i odgovoran na\u010din. Ova Politika privatnosti obja\u0161njavaju koje osobne podatke prikupljamo, kako ih koristimo i kako ih \u0161titimo. Kori\u0161tenjem na\u0161e web stranice pristajete na uvjete Politike privatnosti.<\/p>\n<h4>Prikupljanje osobnih podataka<\/h4>\n<p>Mo\u017eemo prikupljati osobne podatke od vas prilikom kori\u0161tenja na\u0161e web stranice, kao \u0161to su va\u0161e ime, e-adresa, broj telefona i druge kontaktne informacije. Tako\u0111er mo\u017eemo prikupljati druge informacije koje nam dobrovoljno dostavite, kao \u0161to su va\u0161e radno mjesto, naziv tvrtke i industrija. Dodatno, mo\u017eemo prikupljati informacije o va\u0161em ure\u0111aju i na\u010dinu kori\u0161tenja na\u0161e web stranice, kao \u0161to su IP adresa, vrsta preglednika i referentna web stranica.<\/p>\n<h4>Upotreba osobnih podataka<\/h4>\n<p>Va\u0161e osobne podatke mo\u017eemo koristiti za komunikaciju s vama, odgovor na va\u0161e upite i pru\u017eanje usluga ili informacija koje zatra\u017eite. Tako\u0111er mo\u017eemo koristiti va\u0161e osobne podatke u marketin\u0161ke svrhe, kao \u0161to je slanje newslettera ili drugih promotivnih materijala, ali samo ako ste nam dali pristanak za to.<\/p>\n<h4>Kako \u0161titimo va\u0161e osobne podatke<\/h4>\n<p>Implementirali smo odgovaraju\u0107e tehni\u010dke i organizacijske mjere za za\u0161titu va\u0161ih osobnih podataka od neovla\u0161tenog pristupa, kori\u0161tenja, izmjene i otkrivanja. Va\u0161e osobne podatke pohranjujemo na sigurnim poslu\u017eiteljima i koristimo tehnologiju \u0161ifriranja kako bismo za\u0161titili va\u0161e podatke tijekom prijenosa.<\/p>\n<h4>Kola\u010di\u0107i<\/h4>\n<p>Na na\u0161oj web stranici koristimo kola\u010di\u0107e kako bismo prikupili informacije o na\u010dinu kori\u0161tenja na\u0161e web stranice i pobolj\u0161ali va\u0161e iskustvo. Kola\u010di\u0107 je mala datoteka koja se pohranjuje na va\u0161em ure\u0111aju prilikom posjeta na\u0161oj web stranici. Mo\u017eete kontrolirati upotrebu kola\u010di\u0107a putem postavki svog preglednika, ali imajte na umu da onemogu\u0107avanje kola\u010di\u0107a mo\u017ee utjecati na funkcionalnost na\u0161e web stranice.<\/p>\n<h4>Usluge tre\u0107ih strana<\/h4>\n<p>Koristimo Google Analytics za analizu kori\u0161tenja na\u0161e web stranice. Google Analytics koristi kola\u010di\u0107e za prikupljanje informacija o na\u010dinu kori\u0161tenja na\u0161e web stranice. Informacije generirane kola\u010di\u0107em o va\u0161em kori\u0161tenju na\u0161e web stranice (uklju\u010duju\u0107i IP adresu) bit \u0107e prenesene i pohranjene na Google poslu\u017eiteljima u Sjedinjenim Ameri\u010dkim Dr\u017eavama. Google \u0107e koristiti te informacije u svrhu analize va\u0161eg kori\u0161tenja na\u0161e web stranice, sastavljanja izvje\u0161\u0107a o aktivnostima na web stranici za operatore web stranice te pru\u017eanja drugih usluga vezanih uz aktivnost web stranice i kori\u0161tenje interneta. Google tako\u0111er mo\u017ee prenijeti te informacije tre\u0107im stranama ako je to zakonski propisano ili ako tre\u0107e strane obraduju podatke u ime Googlea. Mo\u017eete odbiti upotrebu kola\u010di\u0107a odabirom odgovaraju\u0107ih postavki u svojem pregledniku, ali imajte na umu da ako to u\u010dinite, mo\u017eda ne\u0107ete mo\u0107i u potpunosti koristiti sve funkcionalnosti na\u0161e web stranice.<\/p>\n<h4>Uskla\u0111enost s GDPR-om<\/h4>\n<p>Posve\u0107eni smo po\u0161tivanju Op\u0107e uredbe o za\u0161titi podataka (GDPR) i drugih zakona o za\u0161titi podataka koji se primjenjuju na na\u0161e poslovanje. To zna\u010di da \u0107emo va\u0161e osobne podatke prikupljati i obra\u0111ivati samo u legitimne svrhe, pru\u017eit \u0107emo vam pristup va\u0161im osobnim podacima na zahtjev, te \u0107emo poduzeti odgovaraju\u0107e tehni\u010dke i organizacijske mjere za za\u0161titu va\u0161ih osobnih podataka.<\/p>\n<h4>Kontaktirajte nas<\/h4>\n<p>Ako imate bilo kakva pitanja ili nedoumice u vezi s Politikom privatnosti ili ako \u017eelite ostvariti svoja prava sukladno GDPR-u ili drugim primjenjivim zakonima o za\u0161titi podataka, molimo kontaktirajte nas na adresi <a href=\"mailto:info@l33t.digital\">info@l33t.digital<\/a>.<\/p>\n<p>Ova Politika privatnosti mo\u017ee se povremeno a\u017eurirati kako bi odra\u017eavala promjene u na\u0161im praksama ili zakonskim zahtjevima. Preporu\u010dujemo vam da povremeno pregledate Politiku privatnosti kako biste bili informirani o na\u010dinu na koji \u0161titimo va\u0161e osobne podatke.<\/p>\n<p>[\/vc_column_text][\/vc_column][\/vc_row]<\/p>\n<\/div>","protected":false},"excerpt":{"rendered":"<p>[vc_row css=&#8221;.vc_custom_1688389054482{padding-top: 50px !important;padding-bottom: 50px !important;}&#8221; uniqid=&#8221;64a2c5b7921aa&#8221;][vc_column][vc_column_text] Politika privatnosti za Format3D U Format3D posve\u0107eni smo za\u0161titi va\u0161e privatnosti i postupanju s va\u0161im osobnim podacima na transparentan i odgovoran na\u010din. Ova Politika privatnosti obja\u0161njavaju koje osobne podatke prikupljamo, kako ih koristimo i kako ih \u0161titimo. Kori\u0161tenjem na\u0161e web stranice pristajete na uvjete Politike privatnosti. Prikupljanje osobnih [&hellip;]<\/p>\n","protected":false},"author":1,"featured_media":0,"parent":0,"menu_order":0,"comment_status":"closed","ping_status":"closed","template":"template-landing.php","meta":{"footnotes":""},"acf":[],"yoast_head":"<!-- This site is optimized with the Yoast SEO plugin v21.3 - https:\/\/yoast.com\/wordpress\/plugins\/seo\/ -->\n<title>Pravila privatnosti - Format3D<\/title>\n<meta name=\"robots\" content=\"index, follow, max-snippet:-1, max-image-preview:large, max-video-preview:-1\" \/>\n<link rel=\"canonical\" href=\"https:\/\/l33t.digital\/noformat\/pravila-privatnosti\/\" \/>\n<meta property=\"og:locale\" content=\"hr_HR\" \/>\n<meta property=\"og:type\" content=\"article\" \/>\n<meta property=\"og:title\" content=\"Pravila privatnosti - Format3D\" \/>\n<meta property=\"og:url\" content=\"https:\/\/l33t.digital\/noformat\/pravila-privatnosti\/\" \/>\n<meta property=\"og:site_name\" content=\"Format3D\" \/>\n<meta property=\"article:publisher\" content=\"https:\/\/www.facebook.com\/Format-3D-103684621480508\" \/>\n<meta property=\"article:modified_time\" content=\"2023-07-03T12:57:40+00:00\" \/>\n<meta property=\"og:image\" content=\"https:\/\/l33t.digital\/noformat\/wp-content\/uploads\/2020\/09\/format3d-light.png\" \/>\n\t<meta property=\"og:image:width\" content=\"613\" \/>\n\t<meta property=\"og:image:height\" content=\"192\" \/>\n\t<meta property=\"og:image:type\" content=\"image\/png\" \/>\n<meta name=\"twitter:card\" content=\"summary_large_image\" \/>\n<meta name=\"twitter:label1\" content=\"Procijenjeno vrijeme \u010ditanja\" \/>\n\t<meta name=\"twitter:data1\" content=\"3 minute\" \/>\n<script type=\"application\/ld+json\" class=\"yoast-schema-graph\">{\"@context\":\"https:\/\/schema.org\",\"@graph\":[{\"@type\":\"WebPage\",\"@id\":\"https:\/\/l33t.digital\/noformat\/pravila-privatnosti\/\",\"url\":\"https:\/\/l33t.digital\/noformat\/pravila-privatnosti\/\",\"name\":\"Pravila privatnosti - Format3D\",\"isPartOf\":{\"@id\":\"https:\/\/l33t.digital\/noformat\/en\/#website\"},\"datePublished\":\"2020-09-05T04:58:53+00:00\",\"dateModified\":\"2023-07-03T12:57:40+00:00\",\"breadcrumb\":{\"@id\":\"https:\/\/l33t.digital\/noformat\/pravila-privatnosti\/#breadcrumb\"},\"inLanguage\":\"hr\",\"potentialAction\":[{\"@type\":\"ReadAction\",\"target\":[\"https:\/\/l33t.digital\/noformat\/pravila-privatnosti\/\"]}]},{\"@type\":\"BreadcrumbList\",\"@id\":\"https:\/\/l33t.digital\/noformat\/pravila-privatnosti\/#breadcrumb\",\"itemListElement\":[{\"@type\":\"ListItem\",\"position\":1,\"name\":\"Po\u010detna stranica\",\"item\":\"https:\/\/l33t.digital\/noformat\/\"},{\"@type\":\"ListItem\",\"position\":2,\"name\":\"Pravila privatnosti\"}]},{\"@type\":\"WebSite\",\"@id\":\"https:\/\/l33t.digital\/noformat\/en\/#website\",\"url\":\"https:\/\/l33t.digital\/noformat\/en\/\",\"name\":\"Format3D\",\"description\":\"3D vizualizacije i 3D modeliranje\",\"publisher\":{\"@id\":\"https:\/\/l33t.digital\/noformat\/en\/#organization\"},\"potentialAction\":[{\"@type\":\"SearchAction\",\"target\":{\"@type\":\"EntryPoint\",\"urlTemplate\":\"https:\/\/l33t.digital\/noformat\/en\/?s={search_term_string}\"},\"query-input\":\"required name=search_term_string\"}],\"inLanguage\":\"hr\"},{\"@type\":\"Organization\",\"@id\":\"https:\/\/l33t.digital\/noformat\/en\/#organization\",\"name\":\"Format 3D\",\"url\":\"https:\/\/l33t.digital\/noformat\/en\/\",\"logo\":{\"@type\":\"ImageObject\",\"inLanguage\":\"hr\",\"@id\":\"https:\/\/l33t.digital\/noformat\/en\/#\/schema\/logo\/image\/\",\"url\":\"https:\/\/l33t.digital\/noformat\/wp-content\/uploads\/2020\/09\/format3d-light.png\",\"contentUrl\":\"https:\/\/l33t.digital\/noformat\/wp-content\/uploads\/2020\/09\/format3d-light.png\",\"width\":613,\"height\":192,\"caption\":\"Format 3D\"},\"image\":{\"@id\":\"https:\/\/l33t.digital\/noformat\/en\/#\/schema\/logo\/image\/\"},\"sameAs\":[\"https:\/\/www.facebook.com\/Format-3D-103684621480508\",\"https:\/\/www.instagram.com\/format.3d\/\"]}]}<\/script>\n<!-- \/ Yoast SEO plugin. -->","yoast_head_json":{"title":"Pravila privatnosti - Format3D","robots":{"index":"index","follow":"follow","max-snippet":"max-snippet:-1","max-image-preview":"max-image-preview:large","max-video-preview":"max-video-preview:-1"},"canonical":"https:\/\/l33t.digital\/noformat\/pravila-privatnosti\/","og_locale":"hr_HR","og_type":"article","og_title":"Pravila privatnosti - Format3D","og_url":"https:\/\/l33t.digital\/noformat\/pravila-privatnosti\/","og_site_name":"Format3D","article_publisher":"https:\/\/www.facebook.com\/Format-3D-103684621480508","article_modified_time":"2023-07-03T12:57:40+00:00","og_image":[{"width":613,"height":192,"url":"https:\/\/l33t.digital\/noformat\/wp-content\/uploads\/2020\/09\/format3d-light.png","type":"image\/png"}],"twitter_card":"summary_large_image","twitter_misc":{"Procijenjeno vrijeme \u010ditanja":"3 minute"},"schema":{"@context":"https:\/\/schema.org","@graph":[{"@type":"WebPage","@id":"https:\/\/l33t.digital\/noformat\/pravila-privatnosti\/","url":"https:\/\/l33t.digital\/noformat\/pravila-privatnosti\/","name":"Pravila privatnosti - Format3D","isPartOf":{"@id":"https:\/\/l33t.digital\/noformat\/en\/#website"},"datePublished":"2020-09-05T04:58:53+00:00","dateModified":"2023-07-03T12:57:40+00:00","breadcrumb":{"@id":"https:\/\/l33t.digital\/noformat\/pravila-privatnosti\/#breadcrumb"},"inLanguage":"hr","potentialAction":[{"@type":"ReadAction","target":["https:\/\/l33t.digital\/noformat\/pravila-privatnosti\/"]}]},{"@type":"BreadcrumbList","@id":"https:\/\/l33t.digital\/noformat\/pravila-privatnosti\/#breadcrumb","itemListElement":[{"@type":"ListItem","position":1,"name":"Po\u010detna stranica","item":"https:\/\/l33t.digital\/noformat\/"},{"@type":"ListItem","position":2,"name":"Pravila privatnosti"}]},{"@type":"WebSite","@id":"https:\/\/l33t.digital\/noformat\/en\/#website","url":"https:\/\/l33t.digital\/noformat\/en\/","name":"Format3D","description":"3D vizualizacije i 3D modeliranje","publisher":{"@id":"https:\/\/l33t.digital\/noformat\/en\/#organization"},"potentialAction":[{"@type":"SearchAction","target":{"@type":"EntryPoint","urlTemplate":"https:\/\/l33t.digital\/noformat\/en\/?s={search_term_string}"},"query-input":"required name=search_term_string"}],"inLanguage":"hr"},{"@type":"Organization","@id":"https:\/\/l33t.digital\/noformat\/en\/#organization","name":"Format 3D","url":"https:\/\/l33t.digital\/noformat\/en\/","logo":{"@type":"ImageObject","inLanguage":"hr","@id":"https:\/\/l33t.digital\/noformat\/en\/#\/schema\/logo\/image\/","url":"https:\/\/l33t.digital\/noformat\/wp-content\/uploads\/2020\/09\/format3d-light.png","contentUrl":"https:\/\/l33t.digital\/noformat\/wp-content\/uploads\/2020\/09\/format3d-light.png","width":613,"height":192,"caption":"Format 3D"},"image":{"@id":"https:\/\/l33t.digital\/noformat\/en\/#\/schema\/logo\/image\/"},"sameAs":["https:\/\/www.facebook.com\/Format-3D-103684621480508","https:\/\/www.instagram.com\/format.3d\/"]}]}},"_links":{"self":[{"href":"https:\/\/l33t.digital\/noformat\/hr\/wp-json\/wp\/v2\/pages\/3"}],"collection":[{"href":"https:\/\/l33t.digital\/noformat\/hr\/wp-json\/wp\/v2\/pages"}],"about":[{"href":"https:\/\/l33t.digital\/noformat\/hr\/wp-json\/wp\/v2\/types\/page"}],"author":[{"embeddable":true,"href":"https:\/\/l33t.digital\/noformat\/hr\/wp-json\/wp\/v2\/users\/1"}],"replies":[{"embeddable":true,"href":"https:\/\/l33t.digital\/noformat\/hr\/wp-json\/wp\/v2\/comments?post=3"}],"version-history":[{"count":6,"href":"https:\/\/l33t.digital\/noformat\/hr\/wp-json\/wp\/v2\/pages\/3\/revisions"}],"predecessor-version":[{"id":7275,"href":"https:\/\/l33t.digital\/noformat\/hr\/wp-json\/wp\/v2\/pages\/3\/revisions\/7275"}],"wp:attachment":[{"href":"https:\/\/l33t.digital\/noformat\/hr\/wp-json\/wp\/v2\/media?parent=3"}],"curies":[{"name":"wp","href":"https:\/\/api.w.org\/{rel}","templated":true}]}}